{"id":36,"date":"2021-09-08T14:44:54","date_gmt":"2021-09-08T17:44:54","guid":{"rendered":"https:\/\/cbhbois.meioambiente.go.gov.br\/?page_id=36"},"modified":"2022-02-25T10:36:12","modified_gmt":"2022-02-25T13:36:12","slug":"turismo-e-lazer","status":"publish","type":"page","link":"https:\/\/cbhbois.meioambiente.go.gov.br\/?page_id=36","title":{"rendered":"Caracteriza\u00e7\u00e3o Bi\u00f3tica da Bacia"},"content":{"rendered":"\n<h2 class=\"wp-block-heading\">Biomas<\/h2>\n\n\n\n<p>A UPGRH dos Rio dos Bois \u00e9 dividida em Cerrado e Mata Atl\u00e2ntica. A \u00e1rea total desta UPGRH \u00e9 de 35.577,68 km\u00b2, com o Cerrado ocupando 95% da \u00e1rea, equivalendo a 33.958,37 km\u00b2 e a Mata Atl\u00e2ntica com 1.619,309 km\u00b2, representando 5% da sua \u00e1rea total.<\/p>\n\n\n\n<p>A Mata Atl\u00e2ntica existente nesta UPGRH abrange apenas seis munic\u00edpios e sua maior parte est\u00e1 localizada nos munic\u00edpios de Castel\u00e2ndia, Gouvel\u00e2ndia, Inaciol\u00e2ndia e Cachoeira Dourada, na regi\u00e3o do Ribeir\u00e3o da Campanha com uma \u00e1rea de 794,69km\u00b2. J\u00e1 o bioma Cerrado est\u00e1 presente em todos os munic\u00edpios. A Figura\u00a0 apresenta as \u00e1reas de ocorr\u00eancia dos biomas Cerrado e Mata Atl\u00e2ntica UPGRH Rio dos Bois.<\/p>\n\n\n\n<div class=\"wp-block-image\"><figure class=\"aligncenter size-full\"><img data-recalc-dims=\"1\" fetchpriority=\"high\" decoding=\"async\" width=\"843\" height=\"999\" src=\"https:\/\/i0.wp.com\/cbhbois.meioambiente.go.gov.br\/wp-content\/uploads\/2022\/02\/image-11.png?resize=843%2C999&#038;ssl=1\" alt=\"\" class=\"wp-image-338\" srcset=\"https:\/\/i0.wp.com\/cbhbois.meioambiente.go.gov.br\/wp-content\/uploads\/2022\/02\/image-11.png?w=843&amp;ssl=1 843w, https:\/\/i0.wp.com\/cbhbois.meioambiente.go.gov.br\/wp-content\/uploads\/2022\/02\/image-11.png?resize=253%2C300&amp;ssl=1 253w, https:\/\/i0.wp.com\/cbhbois.meioambiente.go.gov.br\/wp-content\/uploads\/2022\/02\/image-11.png?resize=768%2C910&amp;ssl=1 768w\" sizes=\"(max-width: 843px) 100vw, 843px\" \/><figcaption>Fonte: Diagn\u00f3stico da UPGRH do Rio dos Bois- (Produto 2) &#8211; Vers\u00e3o 7.0 \u2013 P\u00e1g. 161<\/figcaption><\/figure><\/div>\n\n\n\n<p><a href=\"http:\/\/pbapgo.meioambiente.go.gov.br\/wp-content\/uploads\/2021\/10\/RT-02-Diagnostico-UPGRH-Rio-dos-Bois-V7.pdf\" target=\"_blank\" rel=\"noreferrer noopener\">http:\/\/pbapgo.meioambiente.go.gov.br\/wp-content\/uploads\/2021\/10\/RT-02-Diagnostico-UPGRH-Rio-dos-Bois-V7.pdf<\/a><\/p>\n\n\n\n<h2 class=\"wp-block-heading\">Uso e Cobertura do Solo<\/h2>\n\n\n\n<p>A propor\u00e7\u00e3o de \u00e1rea ocupada por lavouras nessa UPGRH \u00e9 de 46,3%; 34,7% s\u00e3o pastagens; 17,7% \u00e9 vegeta\u00e7\u00e3o natural; 0,7% s\u00e3o corpos h\u00eddricos; 0,4% \u00e9 \u00e1rea urbana e 0,2% silvicultura.Observando ainda a Figura , nota-se a grande concentra\u00e7\u00e3o de lavouras, principalmente no sul e oeste da regi\u00e3o. Os maiores centros urbanos dessa regi\u00e3o s\u00e3o Rio Verde e Santa Helena de Goi\u00e1s. Rio Verde possui a maior cria\u00e7\u00e3o de su\u00ednos e aves do estado, bem como \u00e9 o maior produtor de soja, milho, sorgo e lenha. J\u00e1 Santa Helena \u00e9 o maior produtor de uva e o segundo maior produtor de cana de a\u00e7\u00facar e sorgo.<\/p>\n\n\n\n<div class=\"wp-block-image\"><figure class=\"aligncenter size-full\"><img data-recalc-dims=\"1\" decoding=\"async\" width=\"879\" height=\"1024\" src=\"https:\/\/i0.wp.com\/cbhbois.meioambiente.go.gov.br\/wp-content\/uploads\/2022\/02\/image-12.png?resize=879%2C1024&#038;ssl=1\" alt=\"\" class=\"wp-image-340\" srcset=\"https:\/\/i0.wp.com\/cbhbois.meioambiente.go.gov.br\/wp-content\/uploads\/2022\/02\/image-12.png?w=879&amp;ssl=1 879w, https:\/\/i0.wp.com\/cbhbois.meioambiente.go.gov.br\/wp-content\/uploads\/2022\/02\/image-12.png?resize=258%2C300&amp;ssl=1 258w, https:\/\/i0.wp.com\/cbhbois.meioambiente.go.gov.br\/wp-content\/uploads\/2022\/02\/image-12.png?resize=768%2C895&amp;ssl=1 768w\" sizes=\"(max-width: 879px) 100vw, 879px\" \/><figcaption>Fonte: Diagn\u00f3stico da UPGRH do Rio dos Bois- (Produto 2) &#8211; Vers\u00e3o 7.0 \u2013 P\u00e1g. 163<\/figcaption><\/figure><\/div>\n\n\n\n<p><a href=\"http:\/\/pbapgo.meioambiente.go.gov.br\/wp-content\/uploads\/2021\/10\/RT-02-Diagnostico-UPGRH-Rio-dos-Bois-V7.pdf\" target=\"_blank\" rel=\"noreferrer noopener\">http:\/\/pbapgo.meioambiente.go.gov.br\/wp-content\/uploads\/2021\/10\/RT-02-Diagnostico-UPGRH-Rio-dos-Bois-V7.pdf<\/a><\/p>\n\n\n\n<h2 class=\"wp-block-heading\">Unidades de Conserva\u00e7\u00e3o (UCs)<\/h2>\n\n\n\n<p>Entre as Unidades de Conserva\u00e7\u00e3o existentes nesta UPGRH se destacam a \u00c1rea de Prote\u00e7\u00e3o Ambiental da Serra da Jiboia, \u00c1rea de Prote\u00e7\u00e3o Ambiental da Serra das Gal\u00e9s e Parque Estadual de Para\u00fana, al\u00e9m das cinco RPPN\u2019s, A \u00c1rea de Prote\u00e7\u00e3o Ambiental da Serra da Jiboia abrange os munic\u00edpios de Palmeiras de Goi\u00e1s e Naz\u00e1rio, contando com uma \u00e1rea de 21.751 ha definidos pelo Decreto Estadual n\u00b0 5.176 de 29 de fevereiro de 2000.&nbsp; A UC compreende 6.699 ha do munic\u00edpio de Naz\u00e1rio e 10.431 hectares do munic\u00edpio de Palmeiras de Goi\u00e1s e \u00e9 gerida pela Secretaria de Estado de Meio Ambiente e Desenvolvimento Sustent\u00e1vel (SEMAD).<\/p>\n\n\n\n<p>Toda sua extens\u00e3o \u00e9 composta pelo bioma Cerrado. A unidade n\u00e3o possui plano de manejo e dentre os principais problemas e amea\u00e7as tem-se a ca\u00e7a, minera\u00e7\u00e3o, inc\u00eandios e queimadas. A \u00c1rea de Prote\u00e7\u00e3o Ambiental da Serra das Gal\u00e9s, localiza-se no munic\u00edpio de Para\u00fana e abrange cerca de 46.440 ha. Foi criada pelo Decreto Estadual n\u00ba 5.573\/2002, com o intuito de proteger o entorno do Parque Estadual de Para\u00fana. Assim como a APA da Serra da Jiboia, esta APA tamb\u00e9m \u00e9 gerida pela SEMAD. Ao analisar as \u00e1reas priorit\u00e1rias para conserva\u00e7\u00e3o da biodiversidade (APCBs), pode-se notar que aquelas classificadas como de prioridade m\u00e1xima est\u00e3o em locais que possuem elevadas porcentagens de desmatamento.<\/p>\n\n\n\n<div class=\"wp-block-image\"><figure class=\"aligncenter size-large\"><img data-recalc-dims=\"1\" decoding=\"async\" width=\"880\" height=\"1024\" src=\"https:\/\/i0.wp.com\/cbhbois.meioambiente.go.gov.br\/wp-content\/uploads\/2022\/02\/image-13.png?resize=880%2C1024&#038;ssl=1\" alt=\"\" class=\"wp-image-341\" srcset=\"https:\/\/i0.wp.com\/cbhbois.meioambiente.go.gov.br\/wp-content\/uploads\/2022\/02\/image-13.png?resize=880%2C1024&amp;ssl=1 880w, https:\/\/i0.wp.com\/cbhbois.meioambiente.go.gov.br\/wp-content\/uploads\/2022\/02\/image-13.png?resize=258%2C300&amp;ssl=1 258w, https:\/\/i0.wp.com\/cbhbois.meioambiente.go.gov.br\/wp-content\/uploads\/2022\/02\/image-13.png?resize=768%2C894&amp;ssl=1 768w, https:\/\/i0.wp.com\/cbhbois.meioambiente.go.gov.br\/wp-content\/uploads\/2022\/02\/image-13.png?w=903&amp;ssl=1 903w\" sizes=\"(max-width: 880px) 100vw, 880px\" \/><figcaption>Fonte: Diagn\u00f3stico da UPGRH do Rio dos Bois- (Produto 2) &#8211; Vers\u00e3o 7.0 \u2013 P\u00e1g. 170<\/figcaption><\/figure><\/div>\n\n\n\n<p><a href=\"http:\/\/pbapgo.meioambiente.go.gov.br\/wp-content\/uploads\/2021\/10\/RT-02-Diagnostico-UPGRH-Rio-dos-Bois-V7.pdf\" target=\"_blank\" rel=\"noreferrer noopener\">http:\/\/pbapgo.meioambiente.go.gov.br\/wp-content\/uploads\/2021\/10\/RT-02-Diagnostico-UPGRH-Rio-dos-Bois-V7.pdf<\/a><\/p>\n","protected":false},"excerpt":{"rendered":"<p>Biomas A UPGRH dos Rio dos Bois \u00e9 dividida em Cerrado e Mata Atl\u00e2ntica. A \u00e1rea total desta UPGRH \u00e9 de 35.577,68 km\u00b2, com o Cerrado ocupando 95% da \u00e1rea, equivalendo a 33.958,37 km\u00b2 e a Mata Atl\u00e2ntica com 1.619,309 km\u00b2, representando 5% da sua \u00e1rea total. A Mata Atl\u00e2ntica existente nesta UPGRH abrange apenas [&hellip;]<\/p>\n","protected":false},"author":2,"featured_media":0,"parent":0,"menu_order":0,"comment_status":"closed","ping_status":"closed","template":"general-template.php","meta":{"footnotes":""},"class_list":["post-36","page","type-page","status-publish","hentry"],"featured_image_src":null,"featured_image_src_square":null,"jetpack_sharing_enabled":true,"_links":{"self":[{"href":"https:\/\/cbhbois.meioambiente.go.gov.br\/index.php?rest_route=\/wp\/v2\/pages\/36","targetHints":{"allow":["GET"]}}],"collection":[{"href":"https:\/\/cbhbois.meioambiente.go.gov.br\/index.php?rest_route=\/wp\/v2\/pages"}],"about":[{"href":"https:\/\/cbhbois.meioambiente.go.gov.br\/index.php?rest_route=\/wp\/v2\/types\/page"}],"author":[{"embeddable":true,"href":"https:\/\/cbhbois.meioambiente.go.gov.br\/index.php?rest_route=\/wp\/v2\/users\/2"}],"replies":[{"embeddable":true,"href":"https:\/\/cbhbois.meioambiente.go.gov.br\/index.php?rest_route=%2Fwp%2Fv2%2Fcomments&post=36"}],"version-history":[{"count":4,"href":"https:\/\/cbhbois.meioambiente.go.gov.br\/index.php?rest_route=\/wp\/v2\/pages\/36\/revisions"}],"predecessor-version":[{"id":342,"href":"https:\/\/cbhbois.meioambiente.go.gov.br\/index.php?rest_route=\/wp\/v2\/pages\/36\/revisions\/342"}],"wp:attachment":[{"href":"https:\/\/cbhbois.meioambiente.go.gov.br\/index.php?rest_route=%2Fwp%2Fv2%2Fmedia&parent=36"}],"curies":[{"name":"wp","href":"https:\/\/api.w.org\/{rel}","templated":true}]}}