{"id":34,"date":"2021-09-08T14:44:39","date_gmt":"2021-09-08T17:44:39","guid":{"rendered":"https:\/\/cbhbois.meioambiente.go.gov.br\/?page_id=34"},"modified":"2022-02-25T10:30:58","modified_gmt":"2022-02-25T13:30:58","slug":"socioeconomia","status":"publish","type":"page","link":"https:\/\/cbhbois.meioambiente.go.gov.br\/?page_id=34","title":{"rendered":"Caracteriza\u00e7\u00e3o Fisiogr\u00e1fica da Bacia"},"content":{"rendered":"\n<h2 class=\"wp-block-heading\">Clima<\/h2>\n\n\n\n<p>Analisando os dados de precipita\u00e7\u00e3o m\u00e9dia mensal na bacia hidrogr\u00e1fica do Rio dos Bois nota-se com bastante clareza uma delimita\u00e7\u00e3o sazonal evidenciada pelo per\u00edodo de estiagem nos meses de maio a agosto cujas precipita\u00e7\u00f5es m\u00e9dias mensais chegam pr\u00f3ximos a 0 mm, enquanto durante o per\u00edodo chuvoso, que compreende os meses de setembro a abril, as precipita\u00e7\u00f5es ficam em torno de 250 mm. Esse contexto \u00e9 ilustrado pela Figura\u00a0 por meio dos dados de precipita\u00e7\u00e3o m\u00e9dia obtidos para a bacia do Rio dos Bois. <\/p>\n\n\n\n<div class=\"wp-block-image\"><figure class=\"aligncenter size-full\"><img data-recalc-dims=\"1\" fetchpriority=\"high\" decoding=\"async\" width=\"836\" height=\"469\" src=\"https:\/\/i0.wp.com\/cbhbois.meioambiente.go.gov.br\/wp-content\/uploads\/2022\/02\/image-3.png?resize=836%2C469&#038;ssl=1\" alt=\"\" class=\"wp-image-329\" srcset=\"https:\/\/i0.wp.com\/cbhbois.meioambiente.go.gov.br\/wp-content\/uploads\/2022\/02\/image-3.png?w=836&amp;ssl=1 836w, https:\/\/i0.wp.com\/cbhbois.meioambiente.go.gov.br\/wp-content\/uploads\/2022\/02\/image-3.png?resize=300%2C168&amp;ssl=1 300w, https:\/\/i0.wp.com\/cbhbois.meioambiente.go.gov.br\/wp-content\/uploads\/2022\/02\/image-3.png?resize=768%2C431&amp;ssl=1 768w\" sizes=\"(max-width: 836px) 100vw, 836px\" \/><figcaption>Fonte: Diagn\u00f3stico da UPGRH Do Rio dos Bois- (Produto 2) &#8211; Vers\u00e3o 7.0 \u2013 P\u00e1g. 199<\/figcaption><\/figure><\/div>\n\n\n\n<p><a rel=\"noreferrer noopener\" href=\"http:\/\/pbapgo.meioambiente.go.gov.br\/wp-content\/uploads\/2021\/10\/RT-02-Diagnostico-UPGRH-Rio-dos-Bois-V7.pdf\" target=\"_blank\">http:\/\/pbapgo.meioambiente.go.gov.br\/wp-content\/uploads\/2021\/10\/RT-02-Diagnostico-UPGRH-Rio-dos-Bois-V7.pdf<\/a> <\/p>\n\n\n\n<div class=\"wp-block-image\"><figure class=\"aligncenter size-large\"><img data-recalc-dims=\"1\" decoding=\"async\" width=\"878\" height=\"1024\" src=\"https:\/\/i0.wp.com\/cbhbois.meioambiente.go.gov.br\/wp-content\/uploads\/2022\/02\/image-4.png?resize=878%2C1024&#038;ssl=1\" alt=\"\" class=\"wp-image-330\" srcset=\"https:\/\/i0.wp.com\/cbhbois.meioambiente.go.gov.br\/wp-content\/uploads\/2022\/02\/image-4.png?resize=878%2C1024&amp;ssl=1 878w, https:\/\/i0.wp.com\/cbhbois.meioambiente.go.gov.br\/wp-content\/uploads\/2022\/02\/image-4.png?resize=257%2C300&amp;ssl=1 257w, https:\/\/i0.wp.com\/cbhbois.meioambiente.go.gov.br\/wp-content\/uploads\/2022\/02\/image-4.png?resize=768%2C895&amp;ssl=1 768w, https:\/\/i0.wp.com\/cbhbois.meioambiente.go.gov.br\/wp-content\/uploads\/2022\/02\/image-4.png?w=892&amp;ssl=1 892w\" sizes=\"(max-width: 878px) 100vw, 878px\" \/><figcaption>Fonte: Diagn\u00f3stico da UPGRH Do Rio dos Bois- (Produto 2) &#8211; Vers\u00e3o 7.0 \u2013 P\u00e1g. 201<\/figcaption><\/figure><\/div>\n\n\n\n<p><a href=\"http:\/\/pbapgo.meioambiente.go.gov.br\/wp-content\/uploads\/2021\/10\/RT-02-Diagnostico-UPGRH-Rio-dos-Bois-V7.pdf\" target=\"_blank\" rel=\"noreferrer noopener\">http:\/\/pbapgo.meioambiente.go.gov.br\/wp-content\/uploads\/2021\/10\/RT-02-Diagnostico-UPGRH-Rio-dos-Bois-V7.pdf<\/a><\/p>\n\n\n\n<h2 class=\"wp-block-heading\">Litologia<\/h2>\n\n\n\n<p>A por\u00e7\u00e3o nordeste da UPGRH do Rio dos Bois \u00e9 composta predominantemente por rochas metam\u00f3rficas, no entanto h\u00e1 ocorr\u00eancias expressivas de rochas sedimentares e mistura de rochas \u00edgneas e rochas metam\u00f3rficas, sendo tamb\u00e9m encontradas rochas sedimentares pr\u00f3ximas da rede de drenagem. Na parte central e foz da UPGRH h\u00e1 o predom\u00ednio de rochas \u00edgneas e tamb\u00e9m rochas sedimentares. Na por\u00e7\u00e3o noroeste o predom\u00ednio \u00e9 de rochas sedimentares. <\/p>\n\n\n\n<div class=\"wp-block-image\"><figure class=\"aligncenter size-full\"><img data-recalc-dims=\"1\" decoding=\"async\" width=\"663\" height=\"781\" src=\"https:\/\/i0.wp.com\/cbhbois.meioambiente.go.gov.br\/wp-content\/uploads\/2022\/02\/image-5.png?resize=663%2C781&#038;ssl=1\" alt=\"\" class=\"wp-image-331\" srcset=\"https:\/\/i0.wp.com\/cbhbois.meioambiente.go.gov.br\/wp-content\/uploads\/2022\/02\/image-5.png?w=663&amp;ssl=1 663w, https:\/\/i0.wp.com\/cbhbois.meioambiente.go.gov.br\/wp-content\/uploads\/2022\/02\/image-5.png?resize=255%2C300&amp;ssl=1 255w\" sizes=\"(max-width: 663px) 100vw, 663px\" \/><figcaption>Fonte: Diagn\u00f3stico da UPGRH Do Rio dos Bois- (Produto 2) &#8211; Vers\u00e3o 7.0 \u2013 P\u00e1g. 147<\/figcaption><\/figure><\/div>\n\n\n\n<p><a href=\"http:\/\/pbapgo.meioambiente.go.gov.br\/wp-content\/uploads\/2021\/10\/RT-02-Diagnostico-UPGRH-Rio-dos-Bois-V7.pdf\" target=\"_blank\" rel=\"noreferrer noopener\">http:\/\/pbapgo.meioambiente.go.gov.br\/wp-content\/uploads\/2021\/10\/RT-02-Diagnostico-UPGRH-Rio-dos-Bois-V7.pdf<\/a><\/p>\n\n\n\n<h2 class=\"wp-block-heading\">Altimetria e Declividade<\/h2>\n\n\n\n<p>A UPGRH do Rio dos Bois apresenta uma importante varia\u00e7\u00e3o altim\u00e9trica, de 734 metros, sendo que a sua menor altitude \u00e9 de 324 metros e a maior altitude \u00e9 de 1058 metros. A altitude m\u00e9dia da UPGRH \u00e9 de 645,50 metros com expressiva varia\u00e7\u00e3o do relevo. A Figura\u00a0 ilustra a hipsometria da UPGRH.<\/p>\n\n\n\n<div class=\"wp-block-image\"><figure class=\"aligncenter size-full\"><img data-recalc-dims=\"1\" loading=\"lazy\" decoding=\"async\" width=\"703\" height=\"805\" src=\"https:\/\/i0.wp.com\/cbhbois.meioambiente.go.gov.br\/wp-content\/uploads\/2022\/02\/image-6.png?resize=703%2C805&#038;ssl=1\" alt=\"\" class=\"wp-image-332\" srcset=\"https:\/\/i0.wp.com\/cbhbois.meioambiente.go.gov.br\/wp-content\/uploads\/2022\/02\/image-6.png?w=703&amp;ssl=1 703w, https:\/\/i0.wp.com\/cbhbois.meioambiente.go.gov.br\/wp-content\/uploads\/2022\/02\/image-6.png?resize=262%2C300&amp;ssl=1 262w\" sizes=\"(max-width: 703px) 100vw, 703px\" \/><\/figure><\/div>\n\n\n\n<p>A UPGRH do Rio dos Bois apresenta uma importante varia\u00e7\u00e3o de declividade de 116,04%. H\u00e1 v\u00e1rias localidades planas, com declividade de 0%, mas h\u00e1 locais onde a declividade chega a 116,04%, com terrenos de inclina\u00e7\u00e3o superior a 49\u00b0.<\/p>\n\n\n\n<div class=\"wp-block-image\"><figure class=\"aligncenter size-full\"><img data-recalc-dims=\"1\" loading=\"lazy\" decoding=\"async\" width=\"673\" height=\"809\" src=\"https:\/\/i0.wp.com\/cbhbois.meioambiente.go.gov.br\/wp-content\/uploads\/2022\/02\/image-7.png?resize=673%2C809&#038;ssl=1\" alt=\"\" class=\"wp-image-333\" srcset=\"https:\/\/i0.wp.com\/cbhbois.meioambiente.go.gov.br\/wp-content\/uploads\/2022\/02\/image-7.png?w=673&amp;ssl=1 673w, https:\/\/i0.wp.com\/cbhbois.meioambiente.go.gov.br\/wp-content\/uploads\/2022\/02\/image-7.png?resize=250%2C300&amp;ssl=1 250w\" sizes=\"(max-width: 673px) 100vw, 673px\" \/><figcaption>\u00a0Fonte: Diagn\u00f3stico da UPGRH Do Rio dos Bois- (Produto 2) &#8211; Vers\u00e3o 7.0 \u2013 P\u00e1g. 151<\/figcaption><\/figure><\/div>\n\n\n\n<p><a href=\"http:\/\/pbapgo.meioambiente.go.gov.br\/wp-content\/uploads\/2021\/10\/RT-02-Diagnostico-UPGRH-Rio-dos-Bois-V7.pdf\" target=\"_blank\" rel=\"noreferrer noopener\">http:\/\/pbapgo.meioambiente.go.gov.br\/wp-content\/uploads\/2021\/10\/RT-02-Diagnostico-UPGRH-Rio-dos-Bois-V7.pdf<\/a><\/p>\n\n\n\n<h2 class=\"wp-block-heading\">Geomorfologia<\/h2>\n\n\n\n<p>Na UPGRH do Rio dos Bois, destacam-se tr\u00eas categorias geomorfol\u00f3gicas, na por\u00e7\u00e3o nordeste, onde predomina a litologia metam\u00f3rfica ocorre o Pediplano Degradado Inumado, sendo que nos locais de maiores declividades ocorre a Disseca\u00e7\u00e3o Estrutural. Nas por\u00e7\u00f5es noroeste e central da UPGRH a predomin\u00e2ncia \u00e9 da Disseca\u00e7\u00e3o Homog\u00eanea Tabular, indicada para a pr\u00e1tica de agricultura. Finalmente, ainda na por\u00e7\u00e3o central e foz do Rio dos Bois, em litologia \u00edgnea ocorre o Pediplano Retocado Desnudado (Figura ).<\/p>\n\n\n\n<div class=\"wp-block-image\"><figure class=\"aligncenter size-full\"><img data-recalc-dims=\"1\" loading=\"lazy\" decoding=\"async\" width=\"669\" height=\"798\" src=\"https:\/\/i0.wp.com\/cbhbois.meioambiente.go.gov.br\/wp-content\/uploads\/2022\/02\/image-8.png?resize=669%2C798&#038;ssl=1\" alt=\"\" class=\"wp-image-334\" srcset=\"https:\/\/i0.wp.com\/cbhbois.meioambiente.go.gov.br\/wp-content\/uploads\/2022\/02\/image-8.png?w=669&amp;ssl=1 669w, https:\/\/i0.wp.com\/cbhbois.meioambiente.go.gov.br\/wp-content\/uploads\/2022\/02\/image-8.png?resize=252%2C300&amp;ssl=1 252w\" sizes=\"(max-width: 669px) 100vw, 669px\" \/><figcaption>Fonte: Diagn\u00f3stico da UPGRH Do Rio dos Bois- (Produto 2) &#8211; Vers\u00e3o 7.0 \u2013 P\u00e1g. 153<\/figcaption><\/figure><\/div>\n\n\n\n<p><a href=\"http:\/\/pbapgo.meioambiente.go.gov.br\/wp-content\/uploads\/2021\/10\/RT-02-Diagnostico-UPGRH-Rio-dos-Bois-V7.pdf\" target=\"_blank\" rel=\"noreferrer noopener\">http:\/\/pbapgo.meioambiente.go.gov.br\/wp-content\/uploads\/2021\/10\/RT-02-Diagnostico-UPGRH-Rio-dos-Bois-V7.pdf<\/a><\/p>\n\n\n\n<h2 class=\"wp-block-heading\">Solos<\/h2>\n\n\n\n<p>Na UPGRH do Rio dos Bois, h\u00e1 o predom\u00ednio dos latossolos, sendo que na por\u00e7\u00e3o nordeste tamb\u00e9m h\u00e1 ocorr\u00eancias importantes de argissolos. H\u00e1 tamb\u00e9m, na por\u00e7\u00e3o centro-norte, uma \u00e1rea importante de neossolos e algumas \u00e1reas menores com cambissolos, conforme se pode observar na Figura.<\/p>\n\n\n\n<div class=\"wp-block-image\"><figure class=\"aligncenter size-large\"><img data-recalc-dims=\"1\" loading=\"lazy\" decoding=\"async\" width=\"885\" height=\"1024\" src=\"https:\/\/i0.wp.com\/cbhbois.meioambiente.go.gov.br\/wp-content\/uploads\/2022\/02\/image-9.png?resize=885%2C1024&#038;ssl=1\" alt=\"\" class=\"wp-image-335\" srcset=\"https:\/\/i0.wp.com\/cbhbois.meioambiente.go.gov.br\/wp-content\/uploads\/2022\/02\/image-9.png?resize=885%2C1024&amp;ssl=1 885w, https:\/\/i0.wp.com\/cbhbois.meioambiente.go.gov.br\/wp-content\/uploads\/2022\/02\/image-9.png?resize=259%2C300&amp;ssl=1 259w, https:\/\/i0.wp.com\/cbhbois.meioambiente.go.gov.br\/wp-content\/uploads\/2022\/02\/image-9.png?resize=768%2C888&amp;ssl=1 768w, https:\/\/i0.wp.com\/cbhbois.meioambiente.go.gov.br\/wp-content\/uploads\/2022\/02\/image-9.png?w=939&amp;ssl=1 939w\" sizes=\"(max-width: 885px) 100vw, 885px\" \/><figcaption>Fonte: Diagn\u00f3stico da UPGRH Do Rio dos Bois- (Produto 2) &#8211; Vers\u00e3o 7.0 \u2013 P\u00e1g. 155<\/figcaption><\/figure><\/div>\n\n\n\n<p><a href=\"http:\/\/pbapgo.meioambiente.go.gov.br\/wp-content\/uploads\/2021\/10\/RT-02-Diagnostico-UPGRH-Rio-dos-Bois-V7.pdf\">http:\/\/pbapgo.meioambiente.go.gov.br\/wp-content\/uploads\/2021\/10\/RT-02-Diagnostico-UPGRH-Rio-dos-Bois-V7.pdf<\/a><\/p>\n\n\n\n<h2 class=\"wp-block-heading\">Susceptibilidade Erosiva<\/h2>\n\n\n\n<p>Por meio da integra\u00e7\u00e3o espacial entre dados de precipita\u00e7\u00e3o, solos, relevo e uso do solo, utilizando-se a equa\u00e7\u00e3o universal de perda de solos proposta por (Wischmeier e Smith, 1978), e realizando-se a categoriza\u00e7\u00e3o da perda de solos, conforme proposta por (Perovic et al, 2013), foi mapeado a susceptibilidade erosiva na UPGRH do Rio dos Bois e em suas regi\u00f5es hidrogr\u00e1ficas. Na Figura\u00a0 \u00e9 poss\u00edvel observar a distribui\u00e7\u00e3o do potencial erosivo na UPGRH do Rio dos Bois.<\/p>\n\n\n\n<div class=\"wp-block-image\"><figure class=\"aligncenter size-full\"><img data-recalc-dims=\"1\" loading=\"lazy\" decoding=\"async\" width=\"831\" height=\"983\" src=\"https:\/\/i0.wp.com\/cbhbois.meioambiente.go.gov.br\/wp-content\/uploads\/2022\/02\/image-10.png?resize=831%2C983&#038;ssl=1\" alt=\"\" class=\"wp-image-336\" srcset=\"https:\/\/i0.wp.com\/cbhbois.meioambiente.go.gov.br\/wp-content\/uploads\/2022\/02\/image-10.png?w=831&amp;ssl=1 831w, https:\/\/i0.wp.com\/cbhbois.meioambiente.go.gov.br\/wp-content\/uploads\/2022\/02\/image-10.png?resize=254%2C300&amp;ssl=1 254w, https:\/\/i0.wp.com\/cbhbois.meioambiente.go.gov.br\/wp-content\/uploads\/2022\/02\/image-10.png?resize=768%2C908&amp;ssl=1 768w\" sizes=\"(max-width: 831px) 100vw, 831px\" \/><figcaption>Fonte: Diagn\u00f3stico da UPGRH do Rio dos Bois- (Produto 2) &#8211; Vers\u00e3o 7.0 \u2013 P\u00e1g. 157<\/figcaption><\/figure><\/div>\n\n\n\n<p><a href=\"http:\/\/pbapgo.meioambiente.go.gov.br\/wp-content\/uploads\/2021\/10\/RT-02-Diagnostico-UPGRH-Rio-dos-Bois-V7.pdf\" target=\"_blank\" rel=\"noreferrer noopener\">http:\/\/pbapgo.meioambiente.go.gov.br\/wp-content\/uploads\/2021\/10\/RT-02-Diagnostico-UPGRH-Rio-dos-Bois-V7.pdf<\/a><\/p>\n","protected":false},"excerpt":{"rendered":"<p>Clima Analisando os dados de precipita\u00e7\u00e3o m\u00e9dia mensal na bacia hidrogr\u00e1fica do Rio dos Bois nota-se com bastante clareza uma delimita\u00e7\u00e3o sazonal evidenciada pelo per\u00edodo de estiagem nos meses de maio a agosto cujas precipita\u00e7\u00f5es m\u00e9dias mensais chegam pr\u00f3ximos a 0 mm, enquanto durante o per\u00edodo chuvoso, que compreende os meses de setembro a abril, [&hellip;]<\/p>\n","protected":false},"author":2,"featured_media":0,"parent":0,"menu_order":0,"comment_status":"closed","ping_status":"closed","template":"general-template.php","meta":{"footnotes":""},"class_list":["post-34","page","type-page","status-publish","hentry"],"featured_image_src":null,"featured_image_src_square":null,"jetpack_sharing_enabled":true,"_links":{"self":[{"href":"https:\/\/cbhbois.meioambiente.go.gov.br\/index.php?rest_route=\/wp\/v2\/pages\/34","targetHints":{"allow":["GET"]}}],"collection":[{"href":"https:\/\/cbhbois.meioambiente.go.gov.br\/index.php?rest_route=\/wp\/v2\/pages"}],"about":[{"href":"https:\/\/cbhbois.meioambiente.go.gov.br\/index.php?rest_route=\/wp\/v2\/types\/page"}],"author":[{"embeddable":true,"href":"https:\/\/cbhbois.meioambiente.go.gov.br\/index.php?rest_route=\/wp\/v2\/users\/2"}],"replies":[{"embeddable":true,"href":"https:\/\/cbhbois.meioambiente.go.gov.br\/index.php?rest_route=%2Fwp%2Fv2%2Fcomments&post=34"}],"version-history":[{"count":4,"href":"https:\/\/cbhbois.meioambiente.go.gov.br\/index.php?rest_route=\/wp\/v2\/pages\/34\/revisions"}],"predecessor-version":[{"id":337,"href":"https:\/\/cbhbois.meioambiente.go.gov.br\/index.php?rest_route=\/wp\/v2\/pages\/34\/revisions\/337"}],"wp:attachment":[{"href":"https:\/\/cbhbois.meioambiente.go.gov.br\/index.php?rest_route=%2Fwp%2Fv2%2Fmedia&parent=34"}],"curies":[{"name":"wp","href":"https:\/\/api.w.org\/{rel}","templated":true}]}}