{"id":30,"date":"2021-09-08T14:44:05","date_gmt":"2021-09-08T17:44:05","guid":{"rendered":"https:\/\/cbhbois.meioambiente.go.gov.br\/?page_id=30"},"modified":"2022-02-25T10:15:43","modified_gmt":"2022-02-25T13:15:43","slug":"caracteristicas","status":"publish","type":"page","link":"https:\/\/cbhbois.meioambiente.go.gov.br\/?page_id=30","title":{"rendered":"Caracter\u00edsticas"},"content":{"rendered":"\n<p>A UPGRH do Rio dos Bois possui uma \u00e1rea de aproximadamente 35.577,68 km\u00b2. O Rio dos Bois, nasce na Serra do Congum\u00e9, na Fazenda Quilombo, dentro do&nbsp; munic\u00edpio de Americano do Brasil e des\u00e1gua na margem direita do rio Parana\u00edba,&nbsp; onde h\u00e1 o reservat\u00f3rio da UHE S\u00e3o Sim\u00e3o. Possui como sub-afluentes principais o&nbsp; Rio Turvo e o Rio Verde. A ocupa\u00e7\u00e3o do solo \u00e9 preponderantemente de lavouras que&nbsp; abrange 46,3% da \u00e1rea total da UPGRH, 34,7% s\u00e3o pastagens; 17,7% \u00e9 vegeta\u00e7\u00e3o&nbsp; natural; 0,7% s\u00e3o corpos h\u00eddricos; 0,4% \u00e9 \u00e1rea urbana e 0,2% silvicultura.<\/p>\n\n\n\n<p>A grande concentra\u00e7\u00e3o de lavouras se d\u00e1, principalmente, no sul e oeste da regi\u00e3o.&nbsp; Os maiores centros urbanos s\u00e3o Rio Verde e Santa Helena de Goi\u00e1s. Rio Verde possui&nbsp; a maior cria\u00e7\u00e3o de su\u00ednos e aves do estado, bem como \u00e9 o maior produtor de soja,&nbsp; milho, sorgo e lenha. J\u00e1 Santa Helena \u00e9 o maior produtor de uva e o segundo maior&nbsp; produtor de cana de a\u00e7\u00facar e sorgo.<\/p>\n\n\n\n<p>A popula\u00e7\u00e3o total da UPGRH do Rio dos Bois, em 2010, era de 596.446 habitantes, o&nbsp; que representa aproximadamente 10% da popula\u00e7\u00e3o do Estado..<\/p>\n\n\n\n<p>A Figura apresenta o recorte para a UPGRH do Rio dos Bois.<\/p>\n\n\n\n<div class=\"wp-block-image\"><figure class=\"aligncenter size-full\"><img data-recalc-dims=\"1\" fetchpriority=\"high\" decoding=\"async\" width=\"791\" height=\"762\" src=\"https:\/\/i0.wp.com\/cbhbois.meioambiente.go.gov.br\/wp-content\/uploads\/2022\/02\/image-1.png?resize=791%2C762&#038;ssl=1\" alt=\"\" class=\"wp-image-321\" srcset=\"https:\/\/i0.wp.com\/cbhbois.meioambiente.go.gov.br\/wp-content\/uploads\/2022\/02\/image-1.png?w=791&amp;ssl=1 791w, https:\/\/i0.wp.com\/cbhbois.meioambiente.go.gov.br\/wp-content\/uploads\/2022\/02\/image-1.png?resize=300%2C289&amp;ssl=1 300w, https:\/\/i0.wp.com\/cbhbois.meioambiente.go.gov.br\/wp-content\/uploads\/2022\/02\/image-1.png?resize=768%2C740&amp;ssl=1 768w\" sizes=\"(max-width: 791px) 100vw, 791px\" \/><figcaption>Fonte: Progn\u00f3stico da UPGRH do Rio dos Bois- (Produto 3) &#8211; Vers\u00e3o 5.0 \u2013 P\u00e1g.25<\/figcaption><\/figure><\/div>\n\n\n\n<p><a href=\"http:\/\/pbapgo.meioambiente.go.gov.br\/wp-content\/uploads\/2021\/10\/RT-03-Prognostico-UPGRH-Rio-dos-Bois-V5.pdf\">http:\/\/pbapgo.meioambiente.go.gov.br\/wp-content\/uploads\/2021\/10\/RT-03-Prognostico-UPGRH-Rio-dos-Bois-V5.pdf<\/a><\/p>\n","protected":false},"excerpt":{"rendered":"<p>A UPGRH do Rio dos Bois possui uma \u00e1rea de aproximadamente 35.577,68 km\u00b2. O Rio dos Bois, nasce na Serra do Congum\u00e9, na Fazenda Quilombo, dentro do&nbsp; munic\u00edpio de Americano do Brasil e des\u00e1gua na margem direita do rio Parana\u00edba,&nbsp; onde h\u00e1 o reservat\u00f3rio da UHE S\u00e3o Sim\u00e3o. Possui como sub-afluentes principais o&nbsp; Rio Turvo [&hellip;]<\/p>\n","protected":false},"author":2,"featured_media":0,"parent":0,"menu_order":0,"comment_status":"closed","ping_status":"closed","template":"general-template.php","meta":{"footnotes":""},"class_list":["post-30","page","type-page","status-publish","hentry"],"featured_image_src":null,"featured_image_src_square":null,"jetpack_sharing_enabled":true,"_links":{"self":[{"href":"https:\/\/cbhbois.meioambiente.go.gov.br\/index.php?rest_route=\/wp\/v2\/pages\/30","targetHints":{"allow":["GET"]}}],"collection":[{"href":"https:\/\/cbhbois.meioambiente.go.gov.br\/index.php?rest_route=\/wp\/v2\/pages"}],"about":[{"href":"https:\/\/cbhbois.meioambiente.go.gov.br\/index.php?rest_route=\/wp\/v2\/types\/page"}],"author":[{"embeddable":true,"href":"https:\/\/cbhbois.meioambiente.go.gov.br\/index.php?rest_route=\/wp\/v2\/users\/2"}],"replies":[{"embeddable":true,"href":"https:\/\/cbhbois.meioambiente.go.gov.br\/index.php?rest_route=%2Fwp%2Fv2%2Fcomments&post=30"}],"version-history":[{"count":3,"href":"https:\/\/cbhbois.meioambiente.go.gov.br\/index.php?rest_route=\/wp\/v2\/pages\/30\/revisions"}],"predecessor-version":[{"id":324,"href":"https:\/\/cbhbois.meioambiente.go.gov.br\/index.php?rest_route=\/wp\/v2\/pages\/30\/revisions\/324"}],"wp:attachment":[{"href":"https:\/\/cbhbois.meioambiente.go.gov.br\/index.php?rest_route=%2Fwp%2Fv2%2Fmedia&parent=30"}],"curies":[{"name":"wp","href":"https:\/\/api.w.org\/{rel}","templated":true}]}}