{"id":18,"date":"2021-09-08T14:39:03","date_gmt":"2021-09-08T17:39:03","guid":{"rendered":"https:\/\/cbhbois.meioambiente.go.gov.br\/?page_id=18"},"modified":"2022-09-26T10:38:12","modified_gmt":"2022-09-26T13:38:12","slug":"regimentos","status":"publish","type":"page","link":"https:\/\/cbhbois.meioambiente.go.gov.br\/?page_id=18","title":{"rendered":"Regimento"},"content":{"rendered":"\n<p>A delibera\u00e7\u00e3o n\u00ba 01 de 25 de Fevereiro de 2013 aprovou o novo Regimento Interno do Comit\u00ea de Bacia Hidrogr\u00e1fica do Rio dos Bois. Com isso, o antigo Regimento Interno foi revogado e o novo entrou em vigor j\u00e1 na data de aprova\u00e7\u00e3o. Confira abaixo o arquivo do novo Regimento Interno do CBH Bois.<\/p>\n\n\n\n<p><a rel=\"noreferrer noopener\" href=\"https:\/\/cbhbois.meioambiente.go.gov.br\/wp-content\/uploads\/2021\/09\/Deliberacao-001-2013-Aprovacao-Regimento-Interno.pdf\" data-type=\"URL\" data-id=\"https:\/\/cbhbois.meioambiente.go.gov.br\/wp-content\/uploads\/2021\/09\/Deliberacao-001-2013-Aprovacao-Regimento-Interno.pdf\" target=\"_blank\">Delibera\u00e7\u00e3o &#8211; 001- Aprova o novo regimento interno<\/a><\/p>\n\n\n\n<p><a href=\"https:\/\/cbhbois.meioambiente.go.gov.br\/wp-content\/uploads\/2021\/09\/Deliberacao-005-2017-Aprova-alteracoes-do-Regimento-Interno.pdf\" data-type=\"URL\" data-id=\"https:\/\/cbhbois.meioambiente.go.gov.br\/wp-content\/uploads\/2021\/09\/Deliberacao-005-2017-Aprova-alteracoes-do-Regimento-Interno.pdf\" target=\"_blank\" rel=\"noreferrer noopener\">Delibera\u00e7\u00e3o &#8211; 005 &#8211; Aprova altera\u00e7\u00f5es do Regimento Interno<\/a><\/p>\n","protected":false},"excerpt":{"rendered":"<p>A delibera\u00e7\u00e3o n\u00ba 01 de 25 de Fevereiro de 2013 aprovou o novo Regimento Interno do Comit\u00ea de Bacia Hidrogr\u00e1fica do Rio dos Bois. Com isso, o antigo Regimento Interno foi revogado e o novo entrou em vigor j\u00e1 na data de aprova\u00e7\u00e3o. Confira abaixo o arquivo do novo Regimento Interno do CBH Bois. Delibera\u00e7\u00e3o [&hellip;]<\/p>\n","protected":false},"author":2,"featured_media":0,"parent":0,"menu_order":0,"comment_status":"closed","ping_status":"closed","template":"general-template.php","meta":{"footnotes":""},"class_list":["post-18","page","type-page","status-publish","hentry"],"featured_image_src":null,"featured_image_src_square":null,"jetpack_sharing_enabled":true,"_links":{"self":[{"href":"https:\/\/cbhbois.meioambiente.go.gov.br\/index.php?rest_route=\/wp\/v2\/pages\/18","targetHints":{"allow":["GET"]}}],"collection":[{"href":"https:\/\/cbhbois.meioambiente.go.gov.br\/index.php?rest_route=\/wp\/v2\/pages"}],"about":[{"href":"https:\/\/cbhbois.meioambiente.go.gov.br\/index.php?rest_route=\/wp\/v2\/types\/page"}],"author":[{"embeddable":true,"href":"https:\/\/cbhbois.meioambiente.go.gov.br\/index.php?rest_route=\/wp\/v2\/users\/2"}],"replies":[{"embeddable":true,"href":"https:\/\/cbhbois.meioambiente.go.gov.br\/index.php?rest_route=%2Fwp%2Fv2%2Fcomments&post=18"}],"version-history":[{"count":5,"href":"https:\/\/cbhbois.meioambiente.go.gov.br\/index.php?rest_route=\/wp\/v2\/pages\/18\/revisions"}],"predecessor-version":[{"id":568,"href":"https:\/\/cbhbois.meioambiente.go.gov.br\/index.php?rest_route=\/wp\/v2\/pages\/18\/revisions\/568"}],"wp:attachment":[{"href":"https:\/\/cbhbois.meioambiente.go.gov.br\/index.php?rest_route=%2Fwp%2Fv2%2Fmedia&parent=18"}],"curies":[{"name":"wp","href":"https:\/\/api.w.org\/{rel}","templated":true}]}}