{"id":12,"date":"2021-09-08T14:38:12","date_gmt":"2021-09-08T17:38:12","guid":{"rendered":"https:\/\/cbhbois.meioambiente.go.gov.br\/?page_id=12"},"modified":"2023-01-31T16:10:22","modified_gmt":"2023-01-31T19:10:22","slug":"sobre-o-cbh-bois","status":"publish","type":"page","link":"https:\/\/cbhbois.meioambiente.go.gov.br\/?page_id=12","title":{"rendered":"Sobre o CBH Bois"},"content":{"rendered":"\n<p style=\"font-size:18px\">O CBH Bois foi institu\u00eddo na data de 11 de setembro de 2003, por meio do Decreto n\u00ba 5.826. Ele \u00e9 um \u00f3rg\u00e3o colegiado, com atribui\u00e7\u00f5es deliberativas e consultivas, de n\u00edvel regional e estrat\u00e9gico, do Sistema Estadual de Gerenciamento de Recursos H\u00eddricos. Pelo Decreto, a \u00e1rea de atua\u00e7\u00e3o do CBH Bois ser\u00e1 a totalidade da Bacia Hidrogr\u00e1fica dos Rios Turvo e dos Bois e outras definidas por legisla\u00e7\u00e3o espec\u00edfica.<\/p>\n\n\n\n<p style=\"font-size:18px\">O comit\u00ea dever\u00e1 se reunir periodicamente para tratar de assuntos da bacia, focando no uso da \u00e1gua. Al\u00e9m disso, trabalhar em parceria com a sociedade para a sustentabilidade das Bacias Hidrogr\u00e1ficas da sua \u00e1rea de atua\u00e7\u00e3o.<\/p>\n\n\n\n<p style=\"font-size:18px\">O CBH Bois tem, entre suas caracter\u00edsticas, diversos pontos que o faz se tornar diferente dos demais. Tem suas nascentes no munic\u00edpio de Americano do Brasil e sua foz no reservat\u00f3rio da UHE S\u00e3o Sim\u00e3o, na margem direita do rio Parana\u00edba. Destacam-se na UPGRH os rios Turvo e Verde, ambos na margem direita do rio dos Bois. Est\u00e3o localizados nesta UPGRH os munic\u00edpios de Santa Helena, Rio Verde, Acre\u00fana, Jandaia e Indiara.<\/p>\n\n\n\n<p style=\"font-size:18px\">Em diversos pontos da UPGRH, verifica-se o despejo de rejeitos urbanos e dejetos de pecu\u00e1ria no leito dos rios, o que acarreta na deteriora\u00e7\u00e3o da qualidade das \u00e1guas. Uma das atribui\u00e7\u00f5es do CBH Bois \u00e9 o debate para determinar o correto uso da \u00e1gua, justamente para que haja um controle sobre o uso de recursos h\u00eddricos de forma a beneficiar a todos<\/p>\n\n\n\n<p style=\"font-size:18px\">O rio dos Bois \u00e9 um rio brasileiro que banha o estado de Goi\u00e1s. Nasce na Serra do Congum\u00e9, Fazenda Quilombo no munic\u00edpio de Americano do Brasil, em seu curso de \u00e1guas bastantes calmas seu maior afluente o rio Verd\u00e3o e o rio Turvo, Flui para o reservat\u00f3rio de S\u00e3o Sim\u00e3o, que \u00e9 alimentado e drenado pelo rio Parana\u00edba, pr\u00f3ximo a Inaciol\u00e2ndia, se desaguando no rio Parana\u00edba. A popula\u00e7\u00e3o total da UPGRH do Rio dos Bois, em 2010, era de 596.446 habitantes, o que representa aproximadamente 10% da popula\u00e7\u00e3o&nbsp;do&nbsp;Estado.<\/p>\n","protected":false},"excerpt":{"rendered":"<p>O CBH Bois foi institu\u00eddo na data de 11 de setembro de 2003, por meio do Decreto n\u00ba 5.826. Ele \u00e9 um \u00f3rg\u00e3o colegiado, com atribui\u00e7\u00f5es deliberativas e consultivas, de n\u00edvel regional e estrat\u00e9gico, do Sistema Estadual de Gerenciamento de Recursos H\u00eddricos. Pelo Decreto, a \u00e1rea de atua\u00e7\u00e3o do CBH Bois ser\u00e1 a totalidade da [&hellip;]<\/p>\n","protected":false},"author":2,"featured_media":0,"parent":0,"menu_order":0,"comment_status":"closed","ping_status":"closed","template":"general-template.php","meta":{"footnotes":""},"class_list":["post-12","page","type-page","status-publish","hentry"],"featured_image_src":null,"featured_image_src_square":null,"jetpack_sharing_enabled":true,"_links":{"self":[{"href":"https:\/\/cbhbois.meioambiente.go.gov.br\/index.php?rest_route=\/wp\/v2\/pages\/12","targetHints":{"allow":["GET"]}}],"collection":[{"href":"https:\/\/cbhbois.meioambiente.go.gov.br\/index.php?rest_route=\/wp\/v2\/pages"}],"about":[{"href":"https:\/\/cbhbois.meioambiente.go.gov.br\/index.php?rest_route=\/wp\/v2\/types\/page"}],"author":[{"embeddable":true,"href":"https:\/\/cbhbois.meioambiente.go.gov.br\/index.php?rest_route=\/wp\/v2\/users\/2"}],"replies":[{"embeddable":true,"href":"https:\/\/cbhbois.meioambiente.go.gov.br\/index.php?rest_route=%2Fwp%2Fv2%2Fcomments&post=12"}],"version-history":[{"count":5,"href":"https:\/\/cbhbois.meioambiente.go.gov.br\/index.php?rest_route=\/wp\/v2\/pages\/12\/revisions"}],"predecessor-version":[{"id":660,"href":"https:\/\/cbhbois.meioambiente.go.gov.br\/index.php?rest_route=\/wp\/v2\/pages\/12\/revisions\/660"}],"wp:attachment":[{"href":"https:\/\/cbhbois.meioambiente.go.gov.br\/index.php?rest_route=%2Fwp%2Fv2%2Fmedia&parent=12"}],"curies":[{"name":"wp","href":"https:\/\/api.w.org\/{rel}","templated":true}]}}